{"id":663,"date":"2023-11-30T10:43:19","date_gmt":"2023-11-30T09:43:19","guid":{"rendered":"https:\/\/bobbudapest.hu\/belepesi-szabalyzat\/"},"modified":"2023-11-30T10:56:31","modified_gmt":"2023-11-30T09:56:31","slug":"the-rules-of-the-entrance","status":"publish","type":"page","link":"https:\/\/bobbudapest.hu\/en\/the-rules-of-the-entrance\/","title":{"rendered":"The rules of the entrance"},"content":{"rendered":"\n<p><strong>1.\/<\/strong> A sz\u00f3rakoz\u00f3hely ter\u00fclet\u00e9re b\u00e1rki bel\u00e9phet szerd\u00e1it\u00f3l szombatig, aki bet\u00f6lt\u00f6tte 18. \u00e9let\u00e9v\u00e9t \u00e9s ezt minden k\u00e9ts\u00e9get kiz\u00e1r\u00f3an bizony\u00edtani is tudja \u00e9rv\u00e9nyes, felismerhet\u0151 hat\u00f3s\u00e1gi igazolv\u00e1nnyal. Szkennelt \u00e9s\/vagy f\u00e9nym\u00e1solt szem\u00e9lyi okm\u00e1nyt nem \u00e1ll m\u00f3dunkban elfogadni.<\/p>\n\n\n\n<p><strong>2.\/<\/strong> Nem l\u00e9phet be az BoB ter\u00fclet\u00e9re \u00e9s bel\u00e9p\u00e9se megtagadhat\u00f3: \u2013 aki szemmel l\u00e1that\u00f3an alkohol vagy drog befoly\u00e1sa alatt \u00e1ll vagy kultur\u00e1latlan viselked\u00e9st tan\u00fas\u00edt,<br>\u2013 akin\u00e9l b\u00e1rmilyen vesz\u00e9lyes eszk\u00f6z tal\u00e1lhat\u00f3,<br>\u2013 akit (vagy t\u00e1rsas\u00e1g\u00e1t) kor\u00e1bbi viselked\u00e9se miatt kik\u00eds\u00e9rtek,<br>\u2013 akit a szem\u00e9lyzet a bent sz\u00f3rakoz\u00f3kra n\u00e9zve vesz\u00e9lyesnek \u00edt\u00e9l meg.<br>A bel\u00e9p\u00e9s minden esetben egyszeri bel\u00e9p\u00e9sre jogos\u00edt!<\/p>\n\n\n\n<p><strong>3.\/<\/strong>Az \u00dczemeltet\u0151 az BoB-ban tart\u00f3zkod\u00f3k biztons\u00e1ga \u00e9rdek\u00e9ben fenntartja a jogot arra, hogy a BoB ter\u00fclet\u00e9re bevihet\u0151 t\u00e1rgyakat eszk\u00f6z\u00f6ket korl\u00e1tozza. \u00cdgy k\u00fcl\u00f6n\u00f6sen tilos az BoB ter\u00fclet\u00e9re a k\u00f6zbiztons\u00e1gra k\u00fcl\u00f6n\u00f6sen vesz\u00e9lyes eszk\u00f6z\u00f6kr\u0151l sz\u00f3l\u00f3 mindenkori jogszab\u00e1lyban \u2013 jelenleg a 175\/2003. (X. 28.) Korm. rendeletben \u2013 meghat\u00e1rozott, k\u00f6zbiztons\u00e1gra k\u00fcl\u00f6n\u00f6sen vesz\u00e9lyes t\u00e1rgyakat, illetve \u00e1ltal\u00e1ban olyan t\u00e1rgyakat bevinni, amelyek birtokl\u00e1sa jogellenes, vagy amelyek a BoB ter\u00fclet\u00e9n tart\u00f3zkod\u00f3 szem\u00e9lyek biztons\u00e1g\u00e1ra n\u00e9zve egy\u00e9bk\u00e9nt vesz\u00e9lyt jelenthetnek. A korl\u00e1toz\u00e1s al\u00e1 es\u0151 t\u00e1rgyakkal a L\u00e1togat\u00f3 a BoB ter\u00fclet\u00e9re nem l\u00e9phet be.&nbsp;<\/p>\n\n\n\n<p><strong>4.\/<\/strong> A BoB ter\u00fclet\u00e9n 18 \u00e9ven aluliakat \u00e9s ittas szem\u00e9lyeket szeszes itallal nem szolg\u00e1lnak ki. A pultokn\u00e1l val\u00f3 kiszolg\u00e1l\u00e1s sor\u00e1n a l\u00e1togat\u00f3 az \u00e9letkor\u00e1nak szem\u00e9lyazonos\u00edt\u00f3 okm\u00e1nnyal t\u00f6rt\u00e9n\u0151 igazol\u00e1s\u00e1ra k\u00e9rhet\u0151 fel. Amennyiben az \u00e9letkor\u00e1t a l\u00e1togat\u00f3 nem k\u00e9pes vagy nem hajland\u00f3 az el\u0151z\u0151ekben \u00edrtak szerint igazolni, a BoB megtagadhatja a szeszesitallal t\u00f6rt\u00e9n\u0151 kiszolg\u00e1l\u00e1st. A hat\u00e1lyos jogszab\u00e1lyok alapj\u00e1n k\u00e1b\u00edt\u00f3szernek min\u0151s\u00fcl\u0151 anyagok fogyaszt\u00e1sa a BoB ter\u00fclet\u00e9n tilos.<\/p>\n\n\n\n<p><strong>5.\/<\/strong> Az \u00dczemeltet\u0151 a szem\u00e9ly- \u00e9s vagyonv\u00e9delmi, valamint a mag\u00e1nnyomoz\u00f3i tev\u00e9kenys\u00e9g szab\u00e1lyair\u00f3l sz\u00f3l\u00f3 2005. \u00e9vi CXXXIII. t\u00f6rv\u00e9ny 26. \u00a7-a alapj\u00e1n jogosult a BoB bej\u00e1rat\u00e1n\u00e1l \u00e9s ter\u00fclet\u00e9n a csomagok \u00e1tvizsg\u00e1l\u00e1s\u00e1ra, meghat\u00e1rozott szem\u00e9lyek elt\u00e1vol\u00edt\u00e1s\u00e1ra, illet\u0151leg bel\u00e9p\u00e9s\u00fck megakad\u00e1lyoz\u00e1s\u00e1ra. Az \u00dczemeltet\u0151 a h\u00e1zirend betart\u00e1sa \u00e9rdek\u00e9ben a v\u00e1llalkoz\u00e1s keret\u00e9ben v\u00e9gzett szem\u00e9ly- \u00e9s vagyonv\u00e9delmi, valamint a mag\u00e1nnyomoz\u00f3i tev\u00e9kenys\u00e9g szab\u00e1lyair\u00f3l, a Szem\u00e9ly-, Vagyonv\u00e9delmi \u00e9s Mag\u00e1nnyomoz\u00f3i Szakmai Kamar\u00e1r\u00f3l sz\u00f3l\u00f3 1998. \u00e9vi IV. t\u00f6rv\u00e9nyben meghat\u00e1rozott szem\u00e9ly- \u00e9s vagyonv\u00e9delmi szolg\u00e1lat k\u00f6zrem\u0171k\u00f6d\u00e9s\u00e9t veszi ig\u00e9nybe. A L\u00e1togat\u00f3 a bel\u00e9p\u00e9ssel kifejezetten v\u00e1llalja, hogy ezen k\u00f6zrem\u0171k\u00f6d\u0151kkel a jogszab\u00e1lyi keretek k\u00f6z\u00f6tt messzemen\u0151en egy\u00fcttm\u0171k\u00f6dik, vesz\u00e9lyhelyzet eset\u00e9n utas\u00edt\u00e1saikat k\u00f6veti. Amennyiben a L\u00e1togat\u00f3 ezen szem\u00e9lyek elj\u00e1r\u00e1s\u00e1val szemben panaszt k\u00edv\u00e1n tenni, \u00fagy azt az \u00dczemeltet\u0151 irodahelyis\u00e9g\u00e9ben teheti meg.<\/p>\n\n\n\n<p><strong>6.\/<\/strong> Aki a vend\u00e9gekkel, szem\u00e9lyzettel szemben agressz\u00edven viselkedik, minden tov\u00e1bbi n\u00e9lk\u00fcl elt\u00e1vol\u00edthat\u00f3 a sz\u00f3rakoz\u00f3helyr\u0151l!<\/p>\n\n\n\n<p><strong>7.\/<\/strong> A ruhat\u00e1r haszn\u00e1lata \u0151szi-t\u00e9li id\u0151szakban k\u00f6telez\u0151.<\/p>\n\n\n\n<p><strong>8.\/<\/strong> A L\u00e1togat\u00f3 nem jogosult bevinni a BoB ter\u00fclet\u00e9re a nem a BoB ter\u00fclet\u00e9n \u2013 az \u00fczemeltet\u0151 \u00e1ltal \u2013 forgalmazott italokat, \u00e9lelmiszereket.<\/p>\n\n\n\n<p><strong>9.\/<\/strong> A BoB ter\u00fclet\u00e9re ittas, b\u00f3dult \u00e1llapotban, illetve nem megfelel\u0151 ruh\u00e1zatban bel\u00e9pni nem lehet. Az \u00dczemeltet\u0151 a BoB-ban tart\u00f3zkod\u00f3 t\u00f6bbi L\u00e1togat\u00f3 \u00e9rdek\u00e9ben a bel\u00e9ptet\u00e9s ellen\u0151rz\u00e9s\u00e9nek jog\u00e1t fenntartja. A BoB dress code \u00e9s face control m\u0171k\u00f6dik.<\/p>\n\n\n\n<p><strong>Az al\u00e1bbiakban felsorolt nem alkalomhoz ill\u0151 ruh\u00e1zat eset\u00e9n a bel\u00e9p\u00e9s megtagadhat\u00f3:<\/strong><\/p>\n\n\n\n<p>B\u00e1rmilyen sportruha, sportcip\u0151, sportmez, fejp\u00e1nt, fejkend\u0151, ujjatlan trik\u00f3,<br>B\u00e1rmilyen megbotr\u00e1nkoztat\u00f3 vagy m\u00e1sokat s\u00e9rt\u0151 \u00f6lt\u00f6zet, Zsebes \u00e9s\/vagy kamufl\u00e1zs r\u00f6vidnadr\u00e1g,<br>B\u00e1rmilyen nyitott papucs (balesetvesz\u00e9lyes a t\u00e1nct\u00e9ren tal\u00e1lhat\u00f3 t\u00f6r\u00f6tt \u00fcvegek miatt),<br>Nagy kiterjed\u00e9s\u0171 tetov\u00e1l\u00e1s az arcon vagy nyakon,<br>Szakadt, kopott, b\u00fcd\u00f6s, koszos, rendezetlen \u00f6lt\u00f6zet,<br>Punk frizura \u00e9s\/vagy punk \u00f6lt\u00f6zet,<\/p>\n\n\n\n<p><strong>A megfelel\u0151 \u00f6lt\u00f6z\u00e9kr\u0151l a beenged\u0151 szem\u00e9lyzet jogosult d\u00f6nteni! Vend\u00e9geink a BoB-ba val\u00f3 bel\u00e9p\u00e9ssel elfogadj\u00e1k a h\u00e1zirendet!<\/strong><\/p>\n","protected":false},"excerpt":{"rendered":"<p>1.\/ A sz\u00f3rakoz\u00f3hely ter\u00fclet\u00e9re b\u00e1rki bel\u00e9phet szerd\u00e1it\u00f3l szombatig, aki bet\u00f6lt\u00f6tte 18. \u00e9let\u00e9v\u00e9t \u00e9s ezt minden k\u00e9ts\u00e9get kiz\u00e1r\u00f3an bizony\u00edtani is tudja \u00e9rv\u00e9nyes, felismerhet\u0151 hat\u00f3s\u00e1gi igazolv\u00e1nnyal. Szkennelt \u00e9s\/vagy f\u00e9nym\u00e1solt szem\u00e9lyi okm\u00e1nyt nem \u00e1ll m\u00f3dunkban elfogadni. 2.\/ Nem l\u00e9phet be az BoB ter\u00fclet\u00e9re \u00e9s bel\u00e9p\u00e9se megtagadhat\u00f3: \u2013 aki szemmel l\u00e1that\u00f3an alkohol vagy drog befoly\u00e1sa alatt \u00e1ll vagy kultur\u00e1latlan &#8230; <a title=\"The rules of the entrance\" class=\"read-more\" href=\"https:\/\/bobbudapest.hu\/en\/the-rules-of-the-entrance\/\" aria-label=\"More on The rules of the entrance\">Read more<\/a><\/p>\n","protected":false},"author":6,"featured_media":0,"parent":0,"menu_order":0,"comment_status":"closed","ping_status":"closed","template":"","meta":{"footnotes":""},"class_list":["post-663","page","type-page","status-publish"],"_links":{"self":[{"href":"https:\/\/bobbudapest.hu\/en\/wp-json\/wp\/v2\/pages\/663","targetHints":{"allow":["GET"]}}],"collection":[{"href":"https:\/\/bobbudapest.hu\/en\/wp-json\/wp\/v2\/pages"}],"about":[{"href":"https:\/\/bobbudapest.hu\/en\/wp-json\/wp\/v2\/types\/page"}],"author":[{"embeddable":true,"href":"https:\/\/bobbudapest.hu\/en\/wp-json\/wp\/v2\/users\/6"}],"replies":[{"embeddable":true,"href":"https:\/\/bobbudapest.hu\/en\/wp-json\/wp\/v2\/comments?post=663"}],"version-history":[{"count":1,"href":"https:\/\/bobbudapest.hu\/en\/wp-json\/wp\/v2\/pages\/663\/revisions"}],"predecessor-version":[{"id":664,"href":"https:\/\/bobbudapest.hu\/en\/wp-json\/wp\/v2\/pages\/663\/revisions\/664"}],"wp:attachment":[{"href":"https:\/\/bobbudapest.hu\/en\/wp-json\/wp\/v2\/media?parent=663"}],"curies":[{"name":"wp","href":"https:\/\/api.w.org\/{rel}","templated":true}]}}