{"id":682,"date":"2023-11-29T18:10:51","date_gmt":"2023-11-29T17:10:51","guid":{"rendered":"https:\/\/bobbudapest.hu\/adatkezelesi-szabalyzat\/"},"modified":"2024-01-22T16:10:33","modified_gmt":"2024-01-22T15:10:33","slug":"data-management-policy","status":"publish","type":"page","link":"https:\/\/bobbudapest.hu\/en\/data-management-policy\/","title":{"rendered":"Data management policy"},"content":{"rendered":"\n<p><strong>T\u00c1J\u00c9KOZTAT\u00c1S ADATKEZEL\u00c9SR\u0150L<\/strong><\/p>\n\n\n\n<p><strong>RUM KOCSMA KFT.<\/strong><\/p>\n\n\n\n<p>Alul\u00edrott Rum Kocsma Kft., mint Adatkezel\u0151 a rendelkez\u00e9s\u00e9re bocs\u00e1tott szem\u00e9lyes adatok kezel\u00e9se t\u00e1rgy\u00e1ban az \u00c9rintettnek az al\u00e1bbi t\u00e1j\u00e9koztat\u00e1st ny\u00fajtja:<\/p>\n\n\n\n<p><strong>1. A kezelt szem\u00e9lyes adatok k\u00f6re:<\/strong><\/p>\n\n\n\n<p>Adatkezel\u0151 az \u00c9rintett \u00e1ltal a BOB-ban (Rum Kocsma Kft. \u00fczlet\u00e9ben) a szolg\u00e1ltat\u00e1sok ig\u00e9nybev\u00e9tele kapcs\u00e1n rendelkez\u00e9s\u00e9re bocs\u00e1tott szem\u00e9lyes adatokat kezeli:&nbsp;<\/p>\n\n\n\n<p>n\u00e9v, telefonsz\u00e1m, e-mail c\u00edm<\/p>\n\n\n\n<p><strong>2. Az adatkezel\u00e9s jogalapja:<\/strong><\/p>\n\n\n\n<p>2011. \u00e9vi CXII. t\u00f6rv\u00e9ny (Infotv.), illetve az \u00e9rintett hozz\u00e1j\u00e1rul\u00e1sa. Szem\u00e9lyes adat csak megfelel\u0151 t\u00e1j\u00e9koztat\u00e1son alapul\u00f3 beleegyez\u00e9ssel kezelhet\u0151.<\/p>\n\n\n\n<p>T\u00e1j\u00e9koztatjuk, hogy az adatkezel\u00e9s az \u00d6n hozz\u00e1j\u00e1rul\u00e1s\u00e1n alapul. A szolg\u00e1ltat\u00e1s ig\u00e9nybev\u00e9tele sor\u00e1n k\u00f6teles a szem\u00e9lyes adatokat megadni, az adatszolg\u00e1ltat\u00e1s elmarad\u00e1sa azzal a k\u00f6vetkezm\u00e9nnyel j\u00e1r, hogy a szolg\u00e1ltat\u00e1st nem tudjuk teljes\u00edteni.<\/p>\n\n\n\n<p><strong>3. Az adatkezel\u00e9s c\u00e9lja:<\/strong><\/p>\n\n\n\n<p>Az adatkezel\u00e9s c\u00e9lja az \u00c9rintett sz\u00e1m\u00e1ra megfelel\u0151 inform\u00e1ci\u00f3, aj\u00e1nlat, szolg\u00e1ltat\u00e1s ny\u00fajt\u00e1sa \u00e9s kapcsolattart\u00e1s, illetve panasz eset\u00e9n a panasz k\u00f6zl\u00e9s\u00e9nek lehet\u0151v\u00e9 t\u00e9tele, a panasz azonos\u00edt\u00e1sa \u00e9s a t\u00f6rv\u00e9nyb\u0151l sz\u00e1rmaz\u00f3 k\u00f6telezetts\u00e9gek, k\u00f6telez\u0151 adatok felv\u00e9tele.<\/p>\n\n\n\n<p><strong>4. Adattov\u00e1bb\u00edt\u00e1s:<\/strong><\/p>\n\n\n\n<p>Adatkezel\u0151 az \u00c9rintett szem\u00e9lyes adatait harmadik szem\u00e9lyeknek, valamint harmadik \u00e1llamok \u00e9s nemzetk\u00f6zi szervezetek r\u00e9sz\u00e9re kiz\u00e1r\u00f3lag az \u00c9rintett erre ir\u00e1nyul\u00f3, kifejezett hozz\u00e1j\u00e1rul\u00e1s\u00e1val tov\u00e1bb\u00edthatja.<\/p>\n\n\n\n<p><strong>5. Az adatkezel\u00e9s id\u0151tartama:<\/strong><\/p>\n\n\n\n<p>Az adatkezel\u00e9s id\u0151tartama minden \u00f6nk\u00e9ntes alapon t\u00f6rt\u00e9n\u0151 adatkezel\u00e9si tev\u00e9kenys\u00e9g eset\u00e9ben&nbsp;<\/p>\n\n\n\n<ol class=\"wp-block-list\">\n<li>a c\u00e9l megval\u00f3sul\u00e1s\u00e1ig \u00e9s a szem\u00e9lyes adatainak t\u00f6rl\u00e9s\u00e9ig, vagy&nbsp;<\/li>\n\n\n\n<li>adatainak kezel\u00e9s\u00e9re vonatkoz\u00f3 enged\u00e9lye visszavon\u00e1s\u00e1ig \u00e9s \u00edgy szem\u00e9lyes adatainak t\u00f6rl\u00e9s\u00e9ig,&nbsp;<\/li>\n\n\n\n<li>b\u00edr\u00f3s\u00e1g vagy hat\u00f3s\u00e1g t\u00f6rl\u00e9sre vonatkoz\u00f3 d\u00f6nt\u00e9s\u00e9nek v\u00e9grehajt\u00e1s\u00e1ig, vagy ilyen rendelkez\u00e9sek hi\u00e1ny\u00e1ban \u2013 \u00e9s jogszab\u00e1ly elt\u00e9r\u0151 rendelkez\u00e9se hi\u00e1ny\u00e1ban \u2013&nbsp;<\/li>\n\n\n\n<li>azon jogviszonyb\u00f3l ered\u0151 jogok \u00e9s k\u00f6telezetts\u00e9gek \u00e9rv\u00e9nyes\u00edthet\u0151s\u00e9g\u00e9nek el\u00e9v\u00fcl\u00e9s\u00e9ig tart, amely jogviszony kapcs\u00e1n az Adatkezel\u0151 a szem\u00e9lyes adatokat kezeli. A hat\u00e1lyos Ptk. 6:22 \u00a7 alapj\u00e1n az \u00e1ltal\u00e1nos el\u00e9v\u00fcl\u00e9si id\u0151 5 \u00e9v, valamint a 2000. C. a Sz\u00e1mvitelr\u0151l sz\u00f3l\u00f3 t\u00f6rv\u00e9ny 169. \u00a7 (1) bekezd\u00e9se alapj\u00e1n a bizonylat meg\u0151rz\u00e9si k\u00f6telezetts\u00e9g ideje 8 \u00e9v.&nbsp;<\/li>\n<\/ol>\n\n\n\n<p>K\u00f6telez\u0151 adatkezel\u00e9s eset\u00e9n, a vonatkoz\u00f3 t\u00f6rv\u00e9ny, vagy \u00f6nkorm\u00e1nyzati rendelet \u00e1llap\u00edtja meg az adatkezel\u00e9s id\u0151tartam\u00e1t.<\/p>\n\n\n\n<p><strong>6. Az adatkezel\u00e9ssel kapcsolatos jogok \u00e9s jogorvoslati lehet\u0151s\u00e9gek:<\/strong><\/p>\n\n\n\n<p>Az \u00c9rintett az Adatv\u00e9delmi Szab\u00e1lyzatban, valamint az \u00c9rintett jogair\u00f3l sz\u00f3l\u00f3 T\u00e1j\u00e9koztat\u00f3ban foglaltak szerint k\u00e9relmezheti az Adatkezel\u0151 r\u00e9sz\u00e9r\u0151l t\u00f6rt\u00e9n\u0151 t\u00e1j\u00e9koztat\u00e1s ny\u00fajt\u00e1s\u00e1t, az adatok t\u00f6rl\u00e9s\u00e9t, helyesb\u00edt\u00e9s\u00e9t vagy z\u00e1rol\u00e1s\u00e1t, illetve az adatkezel\u00e9s ellen tiltakozhat.<\/p>\n\n\n\n<p>Amennyiben \u00c9rintett az adatkezel\u00e9st s\u00e9relmesnek v\u00e9li, k\u00e1rt\u00e9r\u00edt\u00e9sre vagy s\u00e9relemd\u00edjra tarthat ig\u00e9nyt, b\u00edr\u00f3s\u00e1ghoz fordulhat, fel\u00fcgyeleti hat\u00f3s\u00e1gi elj\u00e1r\u00e1st kezdem\u00e9nyezhet, valamint panaszt tehet az adatv\u00e9delmi tisztvisel\u0151n\u00e9l.<\/p>\n\n\n\n<p><strong>7. Kapcsolat&nbsp;<\/strong><\/p>\n\n\n\n<p>Adatkezel\u0151 el\u00e9rhet\u0151s\u00e9ge<br>N\u00e9v: Rum Kocsma Kft.<br>Sz\u00e9khely: 1051 Budapest, Okt\u00f3ber 6. utca 8.<br>C\u00e9gjegyz\u00e9ksz\u00e1m: 01-09-987643<br>Ad\u00f3sz\u00e1m: 14377901-2-41<br>E-mail: matmanninger@gmail.com<br>Kelt, Budapest, 2018. m\u00e1jus 25.&nbsp;<\/p>\n\n\n\n<p>\u2026\u2026\u2026\u2026\u2026\u2026\u2026\u2026\u2026\u2026\u2026\u2026\u2026<\/p>\n\n\n\n<p>Adatkezel\u0151<\/p>\n","protected":false},"excerpt":{"rendered":"<p>T\u00c1J\u00c9KOZTAT\u00c1S ADATKEZEL\u00c9SR\u0150L RUM KOCSMA KFT. Alul\u00edrott Rum Kocsma Kft., mint Adatkezel\u0151 a rendelkez\u00e9s\u00e9re bocs\u00e1tott szem\u00e9lyes adatok kezel\u00e9se t\u00e1rgy\u00e1ban az \u00c9rintettnek az al\u00e1bbi t\u00e1j\u00e9koztat\u00e1st ny\u00fajtja: 1. A kezelt szem\u00e9lyes adatok k\u00f6re: Adatkezel\u0151 az \u00c9rintett \u00e1ltal a BOB-ban (Rum Kocsma Kft. \u00fczlet\u00e9ben) a szolg\u00e1ltat\u00e1sok ig\u00e9nybev\u00e9tele kapcs\u00e1n rendelkez\u00e9s\u00e9re bocs\u00e1tott szem\u00e9lyes adatokat kezeli:&nbsp; n\u00e9v, telefonsz\u00e1m, e-mail c\u00edm 2. Az &#8230; <a title=\"Data management policy\" class=\"read-more\" href=\"https:\/\/bobbudapest.hu\/en\/data-management-policy\/\" aria-label=\"More on Data management policy\">Read more<\/a><\/p>\n","protected":false},"author":6,"featured_media":0,"parent":0,"menu_order":0,"comment_status":"closed","ping_status":"closed","template":"","meta":{"footnotes":""},"class_list":["post-682","page","type-page","status-publish"],"_links":{"self":[{"href":"https:\/\/bobbudapest.hu\/en\/wp-json\/wp\/v2\/pages\/682","targetHints":{"allow":["GET"]}}],"collection":[{"href":"https:\/\/bobbudapest.hu\/en\/wp-json\/wp\/v2\/pages"}],"about":[{"href":"https:\/\/bobbudapest.hu\/en\/wp-json\/wp\/v2\/types\/page"}],"author":[{"embeddable":true,"href":"https:\/\/bobbudapest.hu\/en\/wp-json\/wp\/v2\/users\/6"}],"replies":[{"embeddable":true,"href":"https:\/\/bobbudapest.hu\/en\/wp-json\/wp\/v2\/comments?post=682"}],"version-history":[{"count":2,"href":"https:\/\/bobbudapest.hu\/en\/wp-json\/wp\/v2\/pages\/682\/revisions"}],"predecessor-version":[{"id":1048,"href":"https:\/\/bobbudapest.hu\/en\/wp-json\/wp\/v2\/pages\/682\/revisions\/1048"}],"wp:attachment":[{"href":"https:\/\/bobbudapest.hu\/en\/wp-json\/wp\/v2\/media?parent=682"}],"curies":[{"name":"wp","href":"https:\/\/api.w.org\/{rel}","templated":true}]}}