{"id":3062,"date":"2025-12-10T16:42:34","date_gmt":"2025-12-10T15:42:34","guid":{"rendered":"https:\/\/bobbudapest.hu\/?post_type=product&#038;p=3062"},"modified":"2025-12-31T16:40:50","modified_gmt":"2025-12-31T15:40:50","slug":"2025-new-years-party-early-bird-2","status":"publish","type":"product","link":"https:\/\/bobbudapest.hu\/en\/product\/2025-new-years-party-early-bird-2\/","title":{"rendered":"2025 NEW YEAR&#8217;S PARTY &#8211; EARLY BIRD &#8211; SOLD OUT"},"content":{"rendered":"<p class=\"sc-xbniio-0 cIpoMe\">Kick off the new year at BoB with a night that\u2019s all about the party!<br \/>\nHigh energy, strong vibes, and a countdown you won\u2019t forget.<\/p>\n<p class=\"sc-xbniio-0 cIpoMe\">DJs: From 21:00 \u2013 Poli From midnight \u2013 Ben Jr. turning up the mood all night long.<\/p>\n<p class=\"sc-xbniio-0 cIpoMe\">Music: RNB, RAP, AFROBEAT, POP<\/p>\n<p class=\"sc-xbniio-0 cIpoMe\">Age limit: 18+<\/p>\n<p class=\"sc-xbniio-0 cIpoMe\">We reserve the right to refuse entry.<\/p>\n<p class=\"sc-xbniio-0 cIpoMe\">\u2014<\/p>\n<p class=\"sc-xbniio-0 cIpoMe\">Ind\u00edtsd az \u00faj \u00e9vet a BoB-ban egy olyan \u00e9jszak\u00e1val, ami csak a bulir\u00f3l sz\u00f3l!<br \/>\nP\u00f6rg\u0151s hangulat, er\u0151s vibe-ok \u00e9s egy visszasz\u00e1ml\u00e1l\u00e1s, amit nem felejtesz el.<\/p>\n<p class=\"sc-xbniio-0 cIpoMe\">DJ-k: 21.00-t\u00f3l Poli, \u00e9jf\u00e9lt\u0151l pedig Ben Jr. gondolkodik a hangulatr\u00f3l.<\/p>\n<p class=\"sc-xbniio-0 cIpoMe\">Zenei st\u00edlus: RNB, RAP, AFROBEAT, POP<\/p>\n<p class=\"sc-xbniio-0 cIpoMe\">Korhat\u00e1r: 18+<\/p>\n<p class=\"sc-xbniio-0 cIpoMe\">A bel\u00e9p\u00e9s megtagad\u00e1s\u00e1nak jog\u00e1t fenntartjuk.<\/p>\n","protected":false},"excerpt":{"rendered":"<p>Kick off the new year at BoB with a night that\u2019s all about the party! High energy, strong vibes, and a countdown you won\u2019t forget. DJs: From 21:00 \u2013 Poli From midnight \u2013 Ben Jr. turning up the mood all night long. Music: RNB, RAP, AFROBEAT, POP Age limit: 18+ We reserve the right to &#8230; <a title=\"2025 NEW YEAR&#8217;S PARTY &#8211; EARLY BIRD &#8211; SOLD OUT\" class=\"read-more\" href=\"https:\/\/bobbudapest.hu\/en\/product\/2025-new-years-party-early-bird-2\/\" aria-label=\"More on 2025 NEW YEAR&#8217;S PARTY &#8211; EARLY BIRD &#8211; SOLD OUT\">Read more<\/a><\/p>\n","protected":false},"featured_media":3031,"template":"","meta":[],"product_cat":[],"product_tag":[],"class_list":{"0":"post-3062","1":"product","2":"type-product","3":"status-publish","4":"has-post-thumbnail","7":"first","8":"outofstock","9":"virtual","10":"taxable","11":"purchasable","12":"product-type-simple"},"_links":{"self":[{"href":"https:\/\/bobbudapest.hu\/en\/wp-json\/wp\/v2\/product\/3062","targetHints":{"allow":["GET"]}}],"collection":[{"href":"https:\/\/bobbudapest.hu\/en\/wp-json\/wp\/v2\/product"}],"about":[{"href":"https:\/\/bobbudapest.hu\/en\/wp-json\/wp\/v2\/types\/product"}],"wp:featuredmedia":[{"embeddable":true,"href":"https:\/\/bobbudapest.hu\/en\/wp-json\/wp\/v2\/media\/3031"}],"wp:attachment":[{"href":"https:\/\/bobbudapest.hu\/en\/wp-json\/wp\/v2\/media?parent=3062"}],"wp:term":[{"taxonomy":"product_cat","embeddable":true,"href":"https:\/\/bobbudapest.hu\/en\/wp-json\/wp\/v2\/product_cat?post=3062"},{"taxonomy":"product_tag","embeddable":true,"href":"https:\/\/bobbudapest.hu\/en\/wp-json\/wp\/v2\/product_tag?post=3062"}],"curies":[{"name":"wp","href":"https:\/\/api.w.org\/{rel}","templated":true}]}}